{"id":6008,"date":"2020-08-14T03:10:54","date_gmt":"2020-08-14T03:10:54","guid":{"rendered":"https:\/\/audioamericas.net\/es\/?page_id=6008"},"modified":"2026-02-13T18:34:36","modified_gmt":"2026-02-13T18:34:36","slug":"comercial-marcas","status":"publish","type":"page","link":"https:\/\/audioamericas.net\/es\/comercial\/marcas\/","title":{"rendered":"Comercial &#8211; Marcas"},"content":{"rendered":"<p>[vc_row][vc_column][wyde_heading style=&#8221;2&#8243; title=&#8221;Marcas&#8221; subheading=&#8221;Audio Americas representa orgullosamente a las siguientes prestigiosas marcas:&#8221; subheading_color=&#8221;#00a8e4&#8243;][vc_empty_space height=&#8221;60px&#8221;][wyde_separator label_style=&#8221;icon&#8221; icon_set=&#8221;linecons&#8221; text_align=&#8221;center&#8221; color=&#8221;#00a8e4&#8243; icon_linecons=&#8221;linecons-sound&#8221;][vc_custom_heading text=&#8221;Productos de Audio, Video y Control Comercial&#8221; font_container=&#8221;tag:h2|text_align:center|color:%23222222&#8243; google_fonts=&#8221;font_family:Open%20Sans%3A300%2C300italic%2Cregular%2Citalic%2C600%2C600italic%2C700%2C700italic%2C800%2C800italic|font_style:700%20bold%20regular%3A700%3Anormal&#8221;][vc_empty_space height=&#8221;35px&#8221;][vc_row_inner vertical_align=&#8221;middle&#8221; background_color=&#8221;#f4f4f4&#8243; css=&#8221;.vc_custom_1472436303530{margin-bottom: 20px !important;padding-top: 20px !important;padding-right: 10px !important;padding-bottom: 20px !important;padding-left: 10px !important;}&#8221;][vc_column_inner width=&#8221;1\/4&#8243;][vc_single_image onclick=&#8221;custom_link&#8221; link_target=&#8221;_blank&#8221; image=&#8221;6198&#8243; link=&#8221;https:\/\/www.bluesoundprofessional.com\/&#8221;][\/vc_column_inner][vc_column_inner padding_size=&#8221;l-padding&#8221; width=&#8221;3\/4&#8243;][vc_column_text]El primer ecosistema moderno del mundo para la distribuci\u00f3n de m\u00fasica en espacios comerciales.[\/vc_column_text][\/vc_column_inner][\/vc_row_inner][vc_row_inner vertical_align=&#8221;middle&#8221; background_color=&#8221;#f4f4f4&#8243; css=&#8221;.vc_custom_1472436303530{margin-bottom: 20px !important;padding-top: 20px !important;padding-right: 10px !important;padding-bottom: 20px !important;padding-left: 10px !important;}&#8221;][vc_column_inner width=&#8221;1\/4&#8243;][vc_single_image onclick=&#8221;custom_link&#8221; link_target=&#8221;_blank&#8221; image=&#8221;6063&#8243; link=&#8221;www.furmanpower.com&#8221;][\/vc_column_inner][vc_column_inner padding_size=&#8221;l-padding&#8221; width=&#8221;3\/4&#8243;][vc_column_text]L<span lang=\"ES-TRAD\">\u00edder en acondicionamiento, protecci\u00f3n y distribuci\u00f3n de energ\u00eda CA para profesionales AV.<\/span>[\/vc_column_text][\/vc_column_inner][\/vc_row_inner][vc_row_inner vertical_align=&#8221;middle&#8221; background_color=&#8221;#f4f4f4&#8243; css=&#8221;.vc_custom_1472436303530{margin-bottom: 20px !important;padding-top: 20px !important;padding-right: 10px !important;padding-bottom: 20px !important;padding-left: 10px !important;}&#8221;][vc_column_inner width=&#8221;1\/4&#8243;][vc_single_image onclick=&#8221;custom_link&#8221; link_target=&#8221;_blank&#8221; image=&#8221;6222&#8243; link=&#8221;https:\/\/hkaudio.com\/&#8221;][\/vc_column_inner][vc_column_inner padding_size=&#8221;l-padding&#8221; width=&#8221;3\/4&#8243;][vc_column_text]Fabricante alem\u00e1n de\u00a0a<span class=\"gmail_default\">ltavoces<\/span>\u00a0para m\u00fasica en vivo<span class=\"gmail_default\">\u00a0<\/span>y espacios para eventos.[\/vc_column_text][\/vc_column_inner][\/vc_row_inner][vc_row_inner vertical_align=&#8221;middle&#8221; background_color=&#8221;#f4f4f4&#8243; css=&#8221;.vc_custom_1472436303530{margin-bottom: 20px !important;padding-top: 20px !important;padding-right: 10px !important;padding-bottom: 20px !important;padding-left: 10px !important;}&#8221;][vc_column_inner width=&#8221;1\/4&#8243;][vc_single_image onclick=&#8221;custom_link&#8221; link_target=&#8221;_blank&#8221; image=&#8221;6239&#8243; link=&#8221;https:\/\/leaprofessional.com\/&#8221;][\/vc_column_inner][vc_column_inner padding_size=&#8221;l-padding&#8221; width=&#8221;3\/4&#8243;][vc_column_text]Amplificadores y tecnolog\u00edas inteligentes para integradores de sistemas AV.[\/vc_column_text][\/vc_column_inner][\/vc_row_inner][vc_row_inner vertical_align=&#8221;middle&#8221; background_color=&#8221;#f4f4f4&#8243; css=&#8221;.vc_custom_1472436303530{margin-bottom: 20px !important;padding-top: 20px !important;padding-right: 10px !important;padding-bottom: 20px !important;padding-left: 10px !important;}&#8221;][vc_column_inner width=&#8221;1\/4&#8243;][vc_single_image onclick=&#8221;custom_link&#8221; link_target=&#8221;_blank&#8221; image=&#8221;6245&#8243; link=&#8221;https:\/\/lunarwalls.com\/&#8221;][\/vc_column_inner][vc_column_inner padding_size=&#8221;l-padding&#8221; width=&#8221;3\/4&#8243;][vc_column_text]Fabricante de videowalls MicroLED para aplicaciones residenciales y comerciales.[\/vc_column_text][\/vc_column_inner][\/vc_row_inner][vc_row_inner vertical_align=&#8221;middle&#8221; background_color=&#8221;#f4f4f4&#8243; css=&#8221;.vc_custom_1472436303530{margin-bottom: 20px !important;padding-top: 20px !important;padding-right: 10px !important;padding-bottom: 20px !important;padding-left: 10px !important;}&#8221;][vc_column_inner width=&#8221;1\/4&#8243;][vc_single_image onclick=&#8221;custom_link&#8221; link_target=&#8221;_blank&#8221; image=&#8221;6253&#8243; link=&#8221;https:\/\/poewit.com\/&#8221;][\/vc_column_inner][vc_column_inner padding_size=&#8221;l-padding&#8221; width=&#8221;3\/4&#8243;][vc_column_text]<\/p>\n<div class=\"gmail_default\">Soluciones innovadoras de iluminaci\u00f3n, control y redes con tecnolog\u00eda Power-over-Ethernet.<\/div>\n<p>[\/vc_column_text][\/vc_column_inner][\/vc_row_inner][vc_row_inner vertical_align=&#8221;middle&#8221; background_color=&#8221;#f4f4f4&#8243; css=&#8221;.vc_custom_1472436303530{margin-bottom: 20px !important;padding-top: 20px !important;padding-right: 10px !important;padding-bottom: 20px !important;padding-left: 10px !important;}&#8221;][vc_column_inner width=&#8221;1\/4&#8243;][vc_single_image onclick=&#8221;custom_link&#8221; link_target=&#8221;_blank&#8221; image=&#8221;5987&#8243; link=&#8221;https:\/\/soundtube-int.mseaudio.com\/&#8221;][\/vc_column_inner][vc_column_inner padding_size=&#8221;l-padding&#8221; width=&#8221;3\/4&#8243;][vc_column_text]Fabricante de altavoces de alta calidad basados en soluciones para la industria del sonido comercial.[\/vc_column_text][\/vc_column_inner][\/vc_row_inner][vc_row_inner vertical_align=&#8221;middle&#8221; background_color=&#8221;#f4f4f4&#8243; css=&#8221;.vc_custom_1472436303530{margin-bottom: 20px !important;padding-top: 20px !important;padding-right: 10px !important;padding-bottom: 20px !important;padding-left: 10px !important;}&#8221;][vc_column_inner width=&#8221;1\/4&#8243;][vc_single_image onclick=&#8221;custom_link&#8221; link_target=&#8221;_blank&#8221; image=&#8221;6243&#8243; link=&#8221;https:\/\/simplybrands.com\/&#8221;][\/vc_column_inner][vc_column_inner padding_size=&#8221;l-padding&#8221; width=&#8221;3\/4&#8243;][vc_column_text]Fabricante mundial de cables de bajo voltaje para los mercados de A\/V, Seguridad y Telecomunicaciones residenciales y comerciales.[\/vc_column_text][\/vc_column_inner][\/vc_row_inner][vc_row_inner vertical_align=&#8221;middle&#8221; background_color=&#8221;#f4f4f4&#8243; css=&#8221;.vc_custom_1472436303530{margin-bottom: 20px !important;padding-top: 20px !important;padding-right: 10px !important;padding-bottom: 20px !important;padding-left: 10px !important;}&#8221;][vc_column_inner width=&#8221;1\/4&#8243;][vc_single_image onclick=&#8221;custom_link&#8221; link_target=&#8221;_blank&#8221; image=&#8221;6256&#8243; link=&#8221;www.symetrix.co&#8221;][\/vc_column_inner][vc_column_inner padding_size=&#8221;l-padding&#8221; width=&#8221;3\/4&#8243;][vc_column_text]Hardware, software y accesorios de audio DSP de alto rendimiento, reconocidos por su legendaria calidad de sonido y confiabilidad.[\/vc_column_text][\/vc_column_inner][\/vc_row_inner][vc_empty_space height=&#8221;35px&#8221;][\/vc_column][\/vc_row]<\/p>\n","protected":false},"excerpt":{"rendered":"<p>[vc_row][vc_column][wyde_heading style=&#8221;2&#8243; title=&#8221;Marcas&#8221; subheading=&#8221;Audio Americas representa orgullosamente a las siguientes prestigiosas marcas:&#8221; subheading_color=&#8221;#00a8e4&#8243;][vc_empty_space height=&#8221;60px&#8221;][wyde_separator label_style=&#8221;icon&#8221; icon_set=&#8221;linecons&#8221; text_align=&#8221;center&#8221; color=&#8221;#00a8e4&#8243; icon_linecons=&#8221;linecons-sound&#8221;][vc_custom_heading text=&#8221;Productos de Audio, Video y Control Comercial&#8221; font_container=&#8221;tag:h2|text_align:center|color:%23222222&#8243; google_fonts=&#8221;font_family:Open%20Sans%3A300%2C300italic%2Cregular%2Citalic%2C600%2C600italic%2C700%2C700italic%2C800%2C800italic|font_style:700%20bold%20regular%3A700%3Anormal&#8221;][vc_empty_space height=&#8221;35px&#8221;][vc_row_inner vertical_align=&#8221;middle&#8221; background_color=&#8221;#f4f4f4&#8243; css=&#8221;.vc_custom_1472436303530{margin-bottom: 20px !important;padding-top: 20px !important;padding-right: 10px !important;padding-bottom: 20px !important;padding-left: 10px !important;}&#8221;][vc_column_inner width=&#8221;1\/4&#8243;][vc_single_image onclick=&#8221;custom_link&#8221; link_target=&#8221;_blank&#8221; image=&#8221;6198&#8243; link=&#8221;https:\/\/www.bluesoundprofessional.com\/&#8221;][\/vc_column_inner][vc_column_inner padding_size=&#8221;l-padding&#8221; width=&#8221;3\/4&#8243;][vc_column_text]El primer ecosistema moderno del mundo para [&hellip;]<\/p>\n","protected":false},"author":1,"featured_media":0,"parent":0,"menu_order":0,"comment_status":"closed","ping_status":"closed","template":"","meta":[],"_links":{"self":[{"href":"https:\/\/audioamericas.net\/es\/wp-json\/wp\/v2\/pages\/6008"}],"collection":[{"href":"https:\/\/audioamericas.net\/es\/wp-json\/wp\/v2\/pages"}],"about":[{"href":"https:\/\/audioamericas.net\/es\/wp-json\/wp\/v2\/types\/page"}],"author":[{"embeddable":true,"href":"https:\/\/audioamericas.net\/es\/wp-json\/wp\/v2\/users\/1"}],"replies":[{"embeddable":true,"href":"https:\/\/audioamericas.net\/es\/wp-json\/wp\/v2\/comments?post=6008"}],"version-history":[{"count":19,"href":"https:\/\/audioamericas.net\/es\/wp-json\/wp\/v2\/pages\/6008\/revisions"}],"predecessor-version":[{"id":6258,"href":"https:\/\/audioamericas.net\/es\/wp-json\/wp\/v2\/pages\/6008\/revisions\/6258"}],"wp:attachment":[{"href":"https:\/\/audioamericas.net\/es\/wp-json\/wp\/v2\/media?parent=6008"}],"curies":[{"name":"wp","href":"https:\/\/api.w.org\/{rel}","templated":true}]}}