{"id":5767,"date":"2016-08-25T01:27:56","date_gmt":"2016-08-25T01:27:56","guid":{"rendered":"http:\/\/fresh.cl\/aa\/?page_id=5767"},"modified":"2024-02-20T22:49:21","modified_gmt":"2024-02-20T22:49:21","slug":"nosotros","status":"publish","type":"page","link":"https:\/\/audioamericas.net\/es\/residencial\/nosotros\/","title":{"rendered":"Residencial &#8211; Nosotros"},"content":{"rendered":"<p>[vc_row background_color=&#8221;#f9f9f9&#8243;][vc_column width=&#8221;1\/6&#8243;][\/vc_column][vc_column text_align=&#8221;center&#8221; width=&#8221;2\/3&#8243;][wyde_heading style=&#8221;4&#8243; title=&#8221;NOSOTROS&#8221; subheading_color=&#8221;#b32017&#8243;][vc_empty_space][vc_custom_heading text=&#8221;Audio Americas es una agencia de ventas para Latinoam\u00e9rica especializada en productos de audio\/video, automatizaci\u00f3n e iluminaci\u00f3n residencial. En esta regi\u00f3n amplia y diversa, donde el panorama del mercado var\u00eda en cada pa\u00eds, ayudamos a los fabricantes a alcanzar un mejor posicionamiento en el mercado, conectando los mejores productos con los mejores clientes.<\/p>\n<p>&#8221; font_container=&#8221;tag:p|font_size:18px|text_align:center|color:%23555555|line_height:30px&#8221; google_fonts=&#8221;font_family:Lato%3A100%2C100italic%2C300%2C300italic%2Cregular%2Citalic%2C700%2C700italic%2C900%2C900italic|font_style:300%20light%20regular%3A300%3Anormal&#8221;][vc_custom_heading text=&#8221;Con oficinas en Chile, M\u00e9xico, Uruguay y la Rep\u00fablica Dominicana, contamos con personal biling\u00fce y una estructura de soporte que facilitan una cadena de abastecimiento m\u00e1s eficiente y niveles m\u00e1s altos de servicio al cliente. Agregamos valor a los productos a trav\u00e9s de comunicaciones de marketing, soporte t\u00e9cnico y programas de entrenamiento.<\/p>\n<p>&#8221; font_container=&#8221;tag:p|font_size:18px|text_align:center|color:%23555555|line_height:30px&#8221; google_fonts=&#8221;font_family:Lato%3A100%2C100italic%2C300%2C300italic%2Cregular%2Citalic%2C700%2C700italic%2C900%2C900italic|font_style:300%20light%20regular%3A300%3Anormal&#8221;][vc_custom_heading text=&#8221;Tambi\u00e9n ayudamos a los fabricantes a definir productos, pol\u00edticas y log\u00edstica basados en las necesidades de los clientes del mercado latinoamericano. Aclaramos problemas esenciales tales como requisitos de importaci\u00f3n, certificaciones el\u00e9ctricas y controles de divisas, de modo que los fabricantes puedan cumplir con las leyes y normas locales.&#8221; font_container=&#8221;tag:p|font_size:18px|text_align:center|color:%23555555|line_height:30px&#8221; google_fonts=&#8221;font_family:Lato%3A100%2C100italic%2C300%2C300italic%2Cregular%2Citalic%2C700%2C700italic%2C900%2C900italic|font_style:300%20light%20regular%3A300%3Anormal&#8221;][vc_custom_heading text=&#8221;Audio Americas trabaja con mas de 80 clientes en 29 pa\u00edses. Nuestra cartera de clientes incluye:&#8221; font_container=&#8221;tag:p|font_size:18px|text_align:center|color:%23555555|line_height:30px&#8221; google_fonts=&#8221;font_family:Lato%3A100%2C100italic%2C300%2C300italic%2Cregular%2Citalic%2C700%2C700italic%2C900%2C900italic|font_style:300%20light%20regular%3A300%3Anormal&#8221;][vc_row_inner][vc_column_inner][vc_custom_heading text=&#8221;\u2022 Tiendas especializadas independientes<br \/>\n\u2022 Integradores de Tecnolog\u00eda Residencial<br \/>\n\u2022 Mayoristas<br \/>\n\u2022 Cadenas retail de art\u00edculos electr\u00f3nicos<br \/>\n\u2022 Tiendas por departamento<br \/>\n\u2022 Distribuidores de Exportaci\u00f3n en EEUU&#8221; font_container=&#8221;tag:p|font_size:18|text_align:center|color:%230a0a0a|line_height:2&#8243; google_fonts=&#8221;font_family:Open%20Sans%3A300%2C300italic%2Cregular%2Citalic%2C600%2C600italic%2C700%2C700italic%2C800%2C800italic|font_style:400%20italic%3A400%3Aitalic&#8221;][\/vc_column_inner][\/vc_row_inner][\/vc_column][vc_column width=&#8221;1\/6&#8243;][\/vc_column][\/vc_row]<\/p>\n","protected":false},"excerpt":{"rendered":"<p>[vc_row background_color=&#8221;#f9f9f9&#8243;][vc_column width=&#8221;1\/6&#8243;][\/vc_column][vc_column text_align=&#8221;center&#8221; width=&#8221;2\/3&#8243;][wyde_heading style=&#8221;4&#8243; title=&#8221;NOSOTROS&#8221; subheading_color=&#8221;#b32017&#8243;][vc_empty_space][vc_custom_heading text=&#8221;Audio Americas es una agencia de ventas para Latinoam\u00e9rica especializada en productos de audio\/video, automatizaci\u00f3n e iluminaci\u00f3n residencial. En esta regi\u00f3n amplia y diversa, donde el panorama del mercado var\u00eda en cada pa\u00eds, ayudamos a los fabricantes a alcanzar un mejor posicionamiento en el mercado, conectando los [&hellip;]<\/p>\n","protected":false},"author":1,"featured_media":0,"parent":0,"menu_order":0,"comment_status":"closed","ping_status":"closed","template":"","meta":[],"_links":{"self":[{"href":"https:\/\/audioamericas.net\/es\/wp-json\/wp\/v2\/pages\/5767"}],"collection":[{"href":"https:\/\/audioamericas.net\/es\/wp-json\/wp\/v2\/pages"}],"about":[{"href":"https:\/\/audioamericas.net\/es\/wp-json\/wp\/v2\/types\/page"}],"author":[{"embeddable":true,"href":"https:\/\/audioamericas.net\/es\/wp-json\/wp\/v2\/users\/1"}],"replies":[{"embeddable":true,"href":"https:\/\/audioamericas.net\/es\/wp-json\/wp\/v2\/comments?post=5767"}],"version-history":[{"count":28,"href":"https:\/\/audioamericas.net\/es\/wp-json\/wp\/v2\/pages\/5767\/revisions"}],"predecessor-version":[{"id":6207,"href":"https:\/\/audioamericas.net\/es\/wp-json\/wp\/v2\/pages\/5767\/revisions\/6207"}],"wp:attachment":[{"href":"https:\/\/audioamericas.net\/es\/wp-json\/wp\/v2\/media?parent=5767"}],"curies":[{"name":"wp","href":"https:\/\/api.w.org\/{rel}","templated":true}]}}