{"id":2295,"date":"2016-01-22T14:17:36","date_gmt":"2016-01-22T14:17:36","guid":{"rendered":"http:\/\/192.168.0.16\/overlap\/?page_id=2295"},"modified":"2026-02-25T14:36:26","modified_gmt":"2026-02-25T14:36:26","slug":"marcas","status":"publish","type":"page","link":"https:\/\/audioamericas.net\/es\/residencial\/marcas\/","title":{"rendered":"Residencial &#8211; Marcas"},"content":{"rendered":"<p>[vc_row][vc_column][wyde_heading style=&#8221;2&#8243; title=&#8221;Marcas&#8221; subheading=&#8221;Audio Americas representa orgullosamente a las siguientes prestigiosas marcas:&#8221; subheading_color=&#8221;#b32317&#8243;][vc_empty_space height=&#8221;60px&#8221;][wyde_separator label_style=&#8221;icon&#8221; icon_set=&#8221;linecons&#8221; text_align=&#8221;center&#8221; color=&#8221;#b32017&#8243; icon_linecons=&#8221;linecons-sound&#8221;][vc_empty_space height=&#8221;35px&#8221;][vc_row_inner vertical_align=&#8221;middle&#8221; background_color=&#8221;#f4f4f4&#8243; css=&#8221;.vc_custom_1472436303530{margin-bottom: 20px !important;padding-top: 20px !important;padding-right: 10px !important;padding-bottom: 20px !important;padding-left: 10px !important;}&#8221;][vc_column_inner width=&#8221;1\/4&#8243;][vc_single_image onclick=&#8221;custom_link&#8221; link_target=&#8221;_blank&#8221; image=&#8221;6204&#8243; link=&#8221;https:\/\/aispire.com\/&#8221;][\/vc_column_inner][vc_column_inner padding_size=&#8221;l-padding&#8221; width=&#8221;3\/4&#8243;][vc_column_text]Luminarias LED de alto y bajo voltaje centradas en una superior experiencia humana, con ajustes de control y atenuaci\u00f3n configurables.[\/vc_column_text][\/vc_column_inner][\/vc_row_inner][vc_row_inner vertical_align=&#8221;middle&#8221; background_color=&#8221;#f4f4f4&#8243; css=&#8221;.vc_custom_1472436303530{margin-bottom: 20px !important;padding-top: 20px !important;padding-right: 10px !important;padding-bottom: 20px !important;padding-left: 10px !important;}&#8221;][vc_column_inner width=&#8221;1\/4&#8243;][vc_single_image onclick=&#8221;custom_link&#8221; link_target=&#8221;_blank&#8221; image=&#8221;6185&#8243; link=&#8221;https:\/\/www.bluesound.com\/&#8221;][\/vc_column_inner][vc_column_inner padding_size=&#8221;l-padding&#8221; width=&#8221;3\/4&#8243;][vc_column_text]Ecosistema inal\u00e1mbrico multi-zona con tecnolog\u00eda BluOS para la transmisi\u00f3n de m\u00fasica de alta resoluci\u00f3n a trav\u00e9s de WiFi.[\/vc_column_text][\/vc_column_inner][\/vc_row_inner][vc_row_inner vertical_align=&#8221;middle&#8221; background_color=&#8221;#f4f4f4&#8243; css=&#8221;.vc_custom_1472436303530{margin-bottom: 20px !important;padding-top: 20px !important;padding-right: 10px !important;padding-bottom: 20px !important;padding-left: 10px !important;}&#8221;][vc_column_inner width=&#8221;1\/4&#8243;][vc_single_image onclick=&#8221;custom_link&#8221; link_target=&#8221;_blank&#8221; image=&#8221;6233&#8243; link=&#8221;https:\/\/www.cambridgeaudio.com\/row\/en&#8221;][\/vc_column_inner][vc_column_inner padding_size=&#8221;l-padding&#8221; width=&#8221;3\/4&#8243;][vc_column_text]Fabricante ingl\u00e9s de amplificadores y fuentes electr\u00f3nicas est\u00e9reo de alto rendimiento y alto valor.[\/vc_column_text][\/vc_column_inner][\/vc_row_inner][vc_row_inner vertical_align=&#8221;middle&#8221; background_color=&#8221;#f4f4f4&#8243; css=&#8221;.vc_custom_1472436303530{margin-bottom: 20px !important;padding-top: 20px !important;padding-right: 10px !important;padding-bottom: 20px !important;padding-left: 10px !important;}&#8221;][vc_column_inner width=&#8221;1\/4&#8243;][vc_single_image onclick=&#8221;custom_link&#8221; link_target=&#8221;_blank&#8221; image=&#8221;6228&#8243; link=&#8221;https:\/\/www.dali-speakers.com\/&#8221;][\/vc_column_inner][vc_column_inner padding_size=&#8221;l-padding&#8221; width=&#8221;3\/4&#8243;][vc_column_text]L\u00edder mundial en altavoces de alto rendimiento para est\u00e9reo y cine en casa.[\/vc_column_text][\/vc_column_inner][\/vc_row_inner][vc_row_inner vertical_align=&#8221;middle&#8221; background_color=&#8221;#f4f4f4&#8243; css=&#8221;.vc_custom_1472436303530{margin-bottom: 20px !important;padding-top: 20px !important;padding-right: 10px !important;padding-bottom: 20px !important;padding-left: 10px !important;}&#8221;][vc_column_inner width=&#8221;1\/4&#8243;][vc_single_image onclick=&#8221;custom_link&#8221; link_target=&#8221;_blank&#8221; image=&#8221;5889&#8243; link=&#8221;https:\/\/www.dynaudio.com\/&#8221;][\/vc_column_inner][vc_column_inner padding_size=&#8221;l-padding&#8221; width=&#8221;3\/4&#8243;][vc_column_text]Fabricante dan\u00e9s de parlantes artesanales de alta gama para el hogar y el estudio.[\/vc_column_text][\/vc_column_inner][\/vc_row_inner][vc_row_inner vertical_align=&#8221;middle&#8221; background_color=&#8221;#f4f4f4&#8243; css=&#8221;.vc_custom_1472436303530{margin-bottom: 20px !important;padding-top: 20px !important;padding-right: 10px !important;padding-bottom: 20px !important;padding-left: 10px !important;}&#8221;][vc_column_inner width=&#8221;1\/4&#8243;][vc_single_image onclick=&#8221;custom_link&#8221; link_target=&#8221;_blank&#8221; image=&#8221;6244&#8243; link=&#8221;https:\/\/justvideowalls.com\/&#8221;][\/vc_column_inner][vc_column_inner padding_size=&#8221;l-padding&#8221; width=&#8221;3\/4&#8243;][vc_column_text]Fabricante de videowalls MicroLED de primera calidad para el mercado residencial de alta gama.[\/vc_column_text][\/vc_column_inner][\/vc_row_inner][vc_row_inner vertical_align=&#8221;middle&#8221; background_color=&#8221;#f4f4f4&#8243; css=&#8221;.vc_custom_1472436303530{margin-bottom: 20px !important;padding-top: 20px !important;padding-right: 10px !important;padding-bottom: 20px !important;padding-left: 10px !important;}&#8221;][vc_column_inner width=&#8221;1\/4&#8243;][vc_single_image onclick=&#8221;custom_link&#8221; link_target=&#8221;_blank&#8221; image=&#8221;6245&#8243; link=&#8221;https:\/\/lunarwalls.com\/&#8221;][\/vc_column_inner][vc_column_inner padding_size=&#8221;l-padding&#8221; width=&#8221;3\/4&#8243;][vc_column_text]Fabricante de videowalls MicroLED para aplicaciones residenciales y comerciales.[\/vc_column_text][\/vc_column_inner][\/vc_row_inner][vc_row_inner vertical_align=&#8221;middle&#8221; background_color=&#8221;#f4f4f4&#8243; css=&#8221;.vc_custom_1472436303530{margin-bottom: 20px !important;padding-top: 20px !important;padding-right: 10px !important;padding-bottom: 20px !important;padding-left: 10px !important;}&#8221;][vc_column_inner width=&#8221;1\/4&#8243;][vc_single_image onclick=&#8221;custom_link&#8221; link_target=&#8221;_blank&#8221; image=&#8221;6184&#8243; link=&#8221;https:\/\/nadelectronics.com\/&#8221;][\/vc_column_inner][vc_column_inner padding_size=&#8221;l-padding&#8221; width=&#8221;3\/4&#8243;][vc_column_text]Innovadores componentes de audio est\u00e9reo y multi-zona con tecnolog\u00eda inal\u00e1mbrica BluOS integrada.<\/p>\n<p>[\/vc_column_text][\/vc_column_inner][\/vc_row_inner][vc_row_inner vertical_align=&#8221;middle&#8221; background_color=&#8221;#f4f4f4&#8243; css=&#8221;.vc_custom_1472436303530{margin-bottom: 20px !important;padding-top: 20px !important;padding-right: 10px !important;padding-bottom: 20px !important;padding-left: 10px !important;}&#8221;][vc_column_inner width=&#8221;1\/4&#8243;][vc_single_image onclick=&#8221;custom_link&#8221; link_target=&#8221;_blank&#8221; image=&#8221;6191&#8243; link=&#8221;https:\/\/www.niceforyou.com\/en&#8221;][\/vc_column_inner][vc_column_inner padding_size=&#8221;l-padding&#8221; width=&#8221;3\/4&#8243;][vc_column_text]Soluciones de gesti\u00f3n inteligente del hogar que incluyen audio\/v\u00eddeo, iluminaci\u00f3n, clima, seguridad y protecci\u00f3n el\u00e9ctrica.[\/vc_column_text][\/vc_column_inner][\/vc_row_inner][vc_row_inner vertical_align=&#8221;middle&#8221; background_color=&#8221;#f4f4f4&#8243; css=&#8221;.vc_custom_1472436303530{margin-bottom: 20px !important;padding-top: 20px !important;padding-right: 10px !important;padding-bottom: 20px !important;padding-left: 10px !important;}&#8221;][vc_column_inner width=&#8221;1\/4&#8243;][vc_single_image onclick=&#8221;custom_link&#8221; link_target=&#8221;_blank&#8221; image=&#8221;6123&#8243; link=&#8221;http:\/\/www.panamax.com\/&#8221;][\/vc_column_inner][vc_column_inner padding_size=&#8221;l-padding&#8221; width=&#8221;3\/4&#8243;][vc_column_text]La marca #1 en protecci\u00f3n, filtraci\u00f3n y control de energ\u00eda el\u00e9ctrica para productos electr\u00f3nicos.[\/vc_column_text][\/vc_column_inner][\/vc_row_inner][vc_row_inner vertical_align=&#8221;middle&#8221; background_color=&#8221;#f4f4f4&#8243; css=&#8221;.vc_custom_1472436303530{margin-bottom: 20px !important;padding-top: 20px !important;padding-right: 10px !important;padding-bottom: 20px !important;padding-left: 10px !important;}&#8221;][vc_column_inner width=&#8221;1\/4&#8243;][vc_single_image onclick=&#8221;custom_link&#8221; link_target=&#8221;_blank&#8221; image=&#8221;6253&#8243; link=&#8221;https:\/\/poewit.com\/&#8221;][\/vc_column_inner][vc_column_inner padding_size=&#8221;l-padding&#8221; width=&#8221;3\/4&#8243;][vc_column_text]Soluciones innovadoras de iluminaci\u00f3n, control y redes con tecnolog\u00eda Power-over-Ethernet.[\/vc_column_text][\/vc_column_inner][\/vc_row_inner][vc_row_inner vertical_align=&#8221;middle&#8221; background_color=&#8221;#f4f4f4&#8243; css=&#8221;.vc_custom_1472436303530{margin-bottom: 20px !important;padding-top: 20px !important;padding-right: 10px !important;padding-bottom: 20px !important;padding-left: 10px !important;}&#8221;][vc_column_inner width=&#8221;1\/4&#8243;][vc_single_image onclick=&#8221;custom_link&#8221; link_target=&#8221;_blank&#8221; image=&#8221;6132&#8243; link=&#8221;https:\/\/proficientaudio.com\/&#8221;][\/vc_column_inner][vc_column_inner padding_size=&#8221;l-padding&#8221; width=&#8221;3\/4&#8243;][vc_column_text]Fabricante de parlantes arquitect\u00f3nicos para aplicaciones residenciales y comerciales.[\/vc_column_text][\/vc_column_inner][\/vc_row_inner][vc_row_inner vertical_align=&#8221;middle&#8221; background_color=&#8221;#f4f4f4&#8243; css=&#8221;.vc_custom_1472436303530{margin-bottom: 20px !important;padding-top: 20px !important;padding-right: 10px !important;padding-bottom: 20px !important;padding-left: 10px !important;}&#8221;][vc_column_inner width=&#8221;1\/4&#8243;][vc_single_image onclick=&#8221;custom_link&#8221; link_target=&#8221;_blank&#8221; image=&#8221;6215&#8243; link=&#8221;https:\/\/proluxelighting.com\/&#8221;][\/vc_column_inner][vc_column_inner padding_size=&#8221;l-padding&#8221; width=&#8221;3\/4&#8243;][vc_column_text]Soluciones de iluminaci\u00f3n avanzadas que crean una experiencia \u00fanica para cada aplicaci\u00f3n.[\/vc_column_text][\/vc_column_inner][\/vc_row_inner][vc_row_inner vertical_align=&#8221;middle&#8221; background_color=&#8221;#f4f4f4&#8243; css=&#8221;.vc_custom_1472436303530{margin-bottom: 20px !important;padding-top: 20px !important;padding-right: 10px !important;padding-bottom: 20px !important;padding-left: 10px !important;}&#8221;][vc_column_inner width=&#8221;1\/4&#8243;][vc_single_image onclick=&#8221;custom_link&#8221; link_target=&#8221;_blank&#8221; image=&#8221;6183&#8243; link=&#8221;https:\/\/www.psbspeakers.com\/&#8221;][\/vc_column_inner][vc_column_inner padding_size=&#8221;l-padding&#8221; width=&#8221;3\/4&#8243;][vc_column_text]Marca canadiense de parlantes conocida por su sonido natural, alto valor y confiabilidad para m\u00fasica y cine.[\/vc_column_text][\/vc_column_inner][\/vc_row_inner][vc_row_inner vertical_align=&#8221;middle&#8221; background_color=&#8221;#f4f4f4&#8243; css=&#8221;.vc_custom_1472436303530{margin-bottom: 20px !important;padding-top: 20px !important;padding-right: 10px !important;padding-bottom: 20px !important;padding-left: 10px !important;}&#8221;][vc_column_inner width=&#8221;1\/4&#8243;][vc_single_image onclick=&#8221;custom_link&#8221; link_target=&#8221;_blank&#8221; image=&#8221;6243&#8243; link=&#8221;https:\/\/simplybrands.com\/&#8221;][\/vc_column_inner][vc_column_inner padding_size=&#8221;l-padding&#8221; width=&#8221;3\/4&#8243;][vc_column_text]Fabricante global de cable y soluciones de conectividad para los mercados de A\/V, seguridad y telecomunicaciones.[\/vc_column_text][\/vc_column_inner][\/vc_row_inner][vc_row_inner vertical_align=&#8221;middle&#8221; background_color=&#8221;#f4f4f4&#8243; css=&#8221;.vc_custom_1472436303530{margin-bottom: 20px !important;padding-top: 20px !important;padding-right: 10px !important;padding-bottom: 20px !important;padding-left: 10px !important;}&#8221;][vc_column_inner width=&#8221;1\/4&#8243;][vc_single_image onclick=&#8221;custom_link&#8221; link_target=&#8221;_blank&#8221; image=&#8221;6211&#8243; link=&#8221;https:\/\/www.stormaudio.com\/&#8221;][\/vc_column_inner][vc_column_inner padding_size=&#8221;l-padding&#8221; width=&#8221;3\/4&#8243;][vc_column_text]El estado del arte en electr\u00f3nica de alto rendimiento para\u00a0<span class=\"gmail_default\">el\u00a0<\/span>cine en casa.[\/vc_column_text][\/vc_column_inner][\/vc_row_inner][vc_row_inner vertical_align=&#8221;middle&#8221; background_color=&#8221;#f4f4f4&#8243; css=&#8221;.vc_custom_1472436303530{margin-bottom: 20px !important;padding-top: 20px !important;padding-right: 10px !important;padding-bottom: 20px !important;padding-left: 10px !important;}&#8221;][vc_column_inner width=&#8221;1\/4&#8243;][vc_single_image onclick=&#8221;custom_link&#8221; link_target=&#8221;_blank&#8221; image=&#8221;6205&#8243; link=&#8221;https:\/\/www.waclighting.com\/&#8221;][\/vc_column_inner][vc_column_inner padding_size=&#8221;l-padding&#8221; width=&#8221;3\/4&#8243;][vc_column_text]L\u00edder en el dise\u00f1o y fabricaci\u00f3n de luminarias LED arquitect\u00f3nicas para decoraci\u00f3n y paisaj\u00edsmo.[\/vc_column_text][\/vc_column_inner][\/vc_row_inner][vc_row_inner vertical_align=&#8221;middle&#8221; background_color=&#8221;#f4f4f4&#8243; css=&#8221;.vc_custom_1472436303530{margin-bottom: 20px !important;padding-top: 20px !important;padding-right: 10px !important;padding-bottom: 20px !important;padding-left: 10px !important;}&#8221;][vc_column_inner width=&#8221;1\/4&#8243;][vc_single_image onclick=&#8221;custom_link&#8221; link_target=&#8221;_blank&#8221; image=&#8221;6261&#8243; link=&#8221;https:\/\/www.niceforyou.com\/en\/solutions\/smart-living\/nice-smart-living-yubii-os&#8221;][\/vc_column_inner][vc_column_inner padding_size=&#8221;l-padding&#8221; width=&#8221;3\/4&#8243;][vc_column_text]Plataforma tecnol\u00f3gica asequible para hogares inteligentes que integra sistemas de automatizaci\u00f3n, confort, seguridad y energ\u00eda.[\/vc_column_text][\/vc_column_inner][\/vc_row_inner][\/vc_column][\/vc_row]<\/p>\n","protected":false},"excerpt":{"rendered":"<p>[vc_row][vc_column][wyde_heading style=&#8221;2&#8243; title=&#8221;Marcas&#8221; subheading=&#8221;Audio Americas representa orgullosamente a las siguientes prestigiosas marcas:&#8221; subheading_color=&#8221;#b32317&#8243;][vc_empty_space height=&#8221;60px&#8221;][wyde_separator label_style=&#8221;icon&#8221; icon_set=&#8221;linecons&#8221; text_align=&#8221;center&#8221; color=&#8221;#b32017&#8243; icon_linecons=&#8221;linecons-sound&#8221;][vc_empty_space height=&#8221;35px&#8221;][vc_row_inner vertical_align=&#8221;middle&#8221; background_color=&#8221;#f4f4f4&#8243; css=&#8221;.vc_custom_1472436303530{margin-bottom: 20px !important;padding-top: 20px !important;padding-right: 10px !important;padding-bottom: 20px !important;padding-left: 10px !important;}&#8221;][vc_column_inner width=&#8221;1\/4&#8243;][vc_single_image onclick=&#8221;custom_link&#8221; link_target=&#8221;_blank&#8221; image=&#8221;6204&#8243; link=&#8221;https:\/\/aispire.com\/&#8221;][\/vc_column_inner][vc_column_inner padding_size=&#8221;l-padding&#8221; width=&#8221;3\/4&#8243;][vc_column_text]Luminarias LED de alto y bajo voltaje centradas en una superior experiencia humana, con ajustes de [&hellip;]<\/p>\n","protected":false},"author":1,"featured_media":0,"parent":0,"menu_order":0,"comment_status":"closed","ping_status":"closed","template":"","meta":[],"_links":{"self":[{"href":"https:\/\/audioamericas.net\/es\/wp-json\/wp\/v2\/pages\/2295"}],"collection":[{"href":"https:\/\/audioamericas.net\/es\/wp-json\/wp\/v2\/pages"}],"about":[{"href":"https:\/\/audioamericas.net\/es\/wp-json\/wp\/v2\/types\/page"}],"author":[{"embeddable":true,"href":"https:\/\/audioamericas.net\/es\/wp-json\/wp\/v2\/users\/1"}],"replies":[{"embeddable":true,"href":"https:\/\/audioamericas.net\/es\/wp-json\/wp\/v2\/comments?post=2295"}],"version-history":[{"count":124,"href":"https:\/\/audioamericas.net\/es\/wp-json\/wp\/v2\/pages\/2295\/revisions"}],"predecessor-version":[{"id":6263,"href":"https:\/\/audioamericas.net\/es\/wp-json\/wp\/v2\/pages\/2295\/revisions\/6263"}],"wp:attachment":[{"href":"https:\/\/audioamericas.net\/es\/wp-json\/wp\/v2\/media?parent=2295"}],"curies":[{"name":"wp","href":"https:\/\/api.w.org\/{rel}","templated":true}]}}